{"id":236,"date":"2020-11-09T09:54:27","date_gmt":"2020-11-09T06:54:27","guid":{"rendered":"http:\/\/www.etemkeskin.com\/?page_id=236"},"modified":"2020-11-09T12:21:04","modified_gmt":"2020-11-09T09:21:04","slug":"hakkimda","status":"publish","type":"page","link":"https:\/\/www.etemkeskin.com\/index.php\/tr\/hakkimda\/","title":{"rendered":"Hakk\u0131mda"},"content":{"rendered":"\n<p>Elektrik ve Elektronik M\u00fchendisi\u2019 yim.<\/p>\n\n\n\n<p>M\u00fchendislik, Yaz\u0131l\u0131m ve Bili\u015fim d\u00fcnyas\u0131nda \u00f6nemli g\u00f6rd\u00fc\u011f\u00fcm konularda, hem yeni \u015feyler \u00f6\u011frenmek ve hem de \u00f6\u011fretmek i\u00e7in yaz\u0131lar payla\u015f\u0131yorum.<\/p>\n","protected":false},"excerpt":{"rendered":"<p>Elektrik ve Elektronik M\u00fchendisi\u2019 yim. M\u00fchendislik, Yaz\u0131l\u0131m ve Bili\u015fim d\u00fcnyas\u0131nda \u00f6nemli g\u00f6rd\u00fc\u011f\u00fcm konularda, hem yeni \u015feyler \u00f6\u011frenmek ve hem de \u00f6\u011fretmek i\u00e7in yaz\u0131lar payla\u015f\u0131yorum.<\/p>\n","protected":false},"author":1,"featured_media":0,"parent":0,"menu_order":0,"comment_status":"closed","ping_status":"closed","template":"","meta":[],"yoast_head":"<!-- This site is optimized with the Yoast SEO plugin v16.5 - https:\/\/yoast.com\/wordpress\/plugins\/seo\/ -->\n<title>Hakk\u0131mda - blog website<\/title>\n<meta name=\"description\" content=\"M\u00fchendislik, Yaz\u0131l\u0131m ve Bili\u015fim d\u00fcnyas\u0131nda \u00f6nemli g\u00f6rd\u00fc\u011f\u00fcm konularda, hem yeni \u015feyler \u00f6\u011frenmek ve hem de \u00f6\u011fretmek i\u00e7in yaz\u0131lar payla\u015f\u0131yorum.\" \/>\n<meta name=\"robots\" content=\"index, follow, max-snippet:-1, max-image-preview:large, max-video-preview:-1\" \/>\n<link rel=\"canonical\" href=\"https:\/\/www.etemkeskin.com\/index.php\/tr\/hakkimda\/\" \/>\n<meta property=\"og:locale\" content=\"tr_TR\" \/>\n<meta property=\"og:type\" content=\"article\" \/>\n<meta property=\"og:title\" content=\"Hakk\u0131mda - blog website\" \/>\n<meta property=\"og:description\" content=\"M\u00fchendislik, Yaz\u0131l\u0131m ve Bili\u015fim d\u00fcnyas\u0131nda \u00f6nemli g\u00f6rd\u00fc\u011f\u00fcm konularda, hem yeni \u015feyler \u00f6\u011frenmek ve hem de \u00f6\u011fretmek i\u00e7in yaz\u0131lar payla\u015f\u0131yorum.\" \/>\n<meta property=\"og:url\" content=\"https:\/\/www.etemkeskin.com\/index.php\/tr\/hakkimda\/\" \/>\n<meta property=\"og:site_name\" content=\"blog website\" \/>\n<meta property=\"article:modified_time\" content=\"2020-11-09T09:21:04+00:00\" \/>\n<meta name=\"twitter:card\" content=\"summary_large_image\" \/>\n<script type=\"application\/ld+json\" class=\"yoast-schema-graph\">{\"@context\":\"https:\/\/schema.org\",\"@graph\":[{\"@type\":\"WebSite\",\"@id\":\"https:\/\/www.etemkeskin.com\/#website\",\"url\":\"https:\/\/www.etemkeskin.com\/\",\"name\":\"blog website\",\"description\":\"Etem KESK\\u0130N\",\"potentialAction\":[{\"@type\":\"SearchAction\",\"target\":\"https:\/\/www.etemkeskin.com\/?s={search_term_string}\",\"query-input\":\"required name=search_term_string\"}],\"inLanguage\":\"tr\"},{\"@type\":\"WebPage\",\"@id\":\"https:\/\/www.etemkeskin.com\/index.php\/tr\/hakkimda\/#webpage\",\"url\":\"https:\/\/www.etemkeskin.com\/index.php\/tr\/hakkimda\/\",\"name\":\"Hakk\\u0131mda - blog website\",\"isPartOf\":{\"@id\":\"https:\/\/www.etemkeskin.com\/#website\"},\"datePublished\":\"2020-11-09T06:54:27+00:00\",\"dateModified\":\"2020-11-09T09:21:04+00:00\",\"description\":\"M\\u00fchendislik, Yaz\\u0131l\\u0131m ve Bili\\u015fim d\\u00fcnyas\\u0131nda \\u00f6nemli g\\u00f6rd\\u00fc\\u011f\\u00fcm konularda, hem yeni \\u015feyler \\u00f6\\u011frenmek ve hem de \\u00f6\\u011fretmek i\\u00e7in yaz\\u0131lar payla\\u015f\\u0131yorum.\",\"breadcrumb\":{\"@id\":\"https:\/\/www.etemkeskin.com\/index.php\/tr\/hakkimda\/#breadcrumb\"},\"inLanguage\":\"tr\",\"potentialAction\":[{\"@type\":\"ReadAction\",\"target\":[\"https:\/\/www.etemkeskin.com\/index.php\/tr\/hakkimda\/\"]}]},{\"@type\":\"BreadcrumbList\",\"@id\":\"https:\/\/www.etemkeskin.com\/index.php\/tr\/hakkimda\/#breadcrumb\",\"itemListElement\":[{\"@type\":\"ListItem\",\"position\":1,\"name\":\"Ana sayfa\",\"item\":\"https:\/\/www.etemkeskin.com\/\"},{\"@type\":\"ListItem\",\"position\":2,\"name\":\"Hakk\\u0131mda\"}]}]}<\/script>\n<!-- \/ Yoast SEO plugin. -->","_links":{"self":[{"href":"https:\/\/www.etemkeskin.com\/index.php\/wp-json\/wp\/v2\/pages\/236"}],"collection":[{"href":"https:\/\/www.etemkeskin.com\/index.php\/wp-json\/wp\/v2\/pages"}],"about":[{"href":"https:\/\/www.etemkeskin.com\/index.php\/wp-json\/wp\/v2\/types\/page"}],"author":[{"embeddable":true,"href":"https:\/\/www.etemkeskin.com\/index.php\/wp-json\/wp\/v2\/users\/1"}],"replies":[{"embeddable":true,"href":"https:\/\/www.etemkeskin.com\/index.php\/wp-json\/wp\/v2\/comments?post=236"}],"version-history":[{"count":2,"href":"https:\/\/www.etemkeskin.com\/index.php\/wp-json\/wp\/v2\/pages\/236\/revisions"}],"predecessor-version":[{"id":263,"href":"https:\/\/www.etemkeskin.com\/index.php\/wp-json\/wp\/v2\/pages\/236\/revisions\/263"}],"wp:attachment":[{"href":"https:\/\/www.etemkeskin.com\/index.php\/wp-json\/wp\/v2\/media?parent=236"}],"curies":[{"name":"wp","href":"https:\/\/api.w.org\/{rel}","templated":true}]}}