{"id":2820,"date":"2024-05-09T13:46:19","date_gmt":"2024-05-09T10:46:19","guid":{"rendered":"https:\/\/www.etemkeskin.com\/?page_id=2820"},"modified":"2024-05-09T13:46:20","modified_gmt":"2024-05-09T10:46:20","slug":"uber-mich","status":"publish","type":"page","link":"https:\/\/www.etemkeskin.com\/index.php\/de\/uber-mich\/","title":{"rendered":"\u00dcber Mich"},"content":{"rendered":"\n<p>Ich bin Elektro- und Elektronikingenieur\/Full-Stack-Softwareentwickler.<\/p>\n\n\n\n<p>Ich erstelle Blogbeitr\u00e4ge \u00fcber Ingenieurwesen, Software und IT-Technologien.<\/p>\n\n\n\n<p>Wenn Sie eine Zusammenarbeit oder Beratung w\u00fcnschen, nehmen Sie bitte Kontakt mit mir auf.<\/p>\n\n\n\n<p>email: etemkeskin@gmail.com<\/p>\n","protected":false},"excerpt":{"rendered":"<p>Ich bin Elektro- und Elektronikingenieur\/Full-Stack-Softwareentwickler. Ich erstelle Blogbeitr\u00e4ge \u00fcber Ingenieurwesen, Software und IT-Technologien. Wenn Sie eine Zusammenarbeit oder Beratung w\u00fcnschen, nehmen Sie bitte Kontakt mit mir auf. email: etemkeskin@gmail.com<\/p>\n","protected":false},"author":1,"featured_media":0,"parent":0,"menu_order":0,"comment_status":"closed","ping_status":"closed","template":"","meta":[],"yoast_head":"<!-- This site is optimized with the Yoast SEO plugin v16.5 - https:\/\/yoast.com\/wordpress\/plugins\/seo\/ -->\n<title>\u00dcber Mich - blog website<\/title>\n<meta name=\"description\" content=\"\u00fcber mich\" \/>\n<meta name=\"robots\" content=\"index, follow, max-snippet:-1, max-image-preview:large, max-video-preview:-1\" \/>\n<link rel=\"canonical\" href=\"https:\/\/www.etemkeskin.com\/index.php\/de\/uber-mich\/\" \/>\n<meta property=\"og:locale\" content=\"tr_TR\" \/>\n<meta property=\"og:type\" content=\"article\" \/>\n<meta property=\"og:title\" content=\"\u00dcber Mich - blog website\" \/>\n<meta property=\"og:description\" content=\"\u00fcber mich\" \/>\n<meta property=\"og:url\" content=\"https:\/\/www.etemkeskin.com\/index.php\/de\/uber-mich\/\" \/>\n<meta property=\"og:site_name\" content=\"blog website\" \/>\n<meta property=\"article:modified_time\" content=\"2024-05-09T10:46:20+00:00\" \/>\n<meta name=\"twitter:card\" content=\"summary_large_image\" \/>\n<meta name=\"twitter:label1\" content=\"Tahmini okuma s\u00fcresi\" \/>\n\t<meta name=\"twitter:data1\" content=\"1 dakika\" \/>\n<script type=\"application\/ld+json\" class=\"yoast-schema-graph\">{\"@context\":\"https:\/\/schema.org\",\"@graph\":[{\"@type\":\"WebSite\",\"@id\":\"https:\/\/www.etemkeskin.com\/#website\",\"url\":\"https:\/\/www.etemkeskin.com\/\",\"name\":\"blog website\",\"description\":\"Etem KESK\\u0130N\",\"potentialAction\":[{\"@type\":\"SearchAction\",\"target\":\"https:\/\/www.etemkeskin.com\/?s={search_term_string}\",\"query-input\":\"required name=search_term_string\"}],\"inLanguage\":\"tr\"},{\"@type\":\"WebPage\",\"@id\":\"https:\/\/www.etemkeskin.com\/index.php\/de\/uber-mich\/#webpage\",\"url\":\"https:\/\/www.etemkeskin.com\/index.php\/de\/uber-mich\/\",\"name\":\"\\u00dcber Mich - blog website\",\"isPartOf\":{\"@id\":\"https:\/\/www.etemkeskin.com\/#website\"},\"datePublished\":\"2024-05-09T10:46:19+00:00\",\"dateModified\":\"2024-05-09T10:46:20+00:00\",\"description\":\"\\u00fcber mich\",\"breadcrumb\":{\"@id\":\"https:\/\/www.etemkeskin.com\/index.php\/de\/uber-mich\/#breadcrumb\"},\"inLanguage\":\"tr\",\"potentialAction\":[{\"@type\":\"ReadAction\",\"target\":[\"https:\/\/www.etemkeskin.com\/index.php\/de\/uber-mich\/\"]}]},{\"@type\":\"BreadcrumbList\",\"@id\":\"https:\/\/www.etemkeskin.com\/index.php\/de\/uber-mich\/#breadcrumb\",\"itemListElement\":[{\"@type\":\"ListItem\",\"position\":1,\"name\":\"Ana sayfa\",\"item\":\"https:\/\/www.etemkeskin.com\/\"},{\"@type\":\"ListItem\",\"position\":2,\"name\":\"\\u00dcber Mich\"}]}]}<\/script>\n<!-- \/ Yoast SEO plugin. -->","_links":{"self":[{"href":"https:\/\/www.etemkeskin.com\/index.php\/wp-json\/wp\/v2\/pages\/2820"}],"collection":[{"href":"https:\/\/www.etemkeskin.com\/index.php\/wp-json\/wp\/v2\/pages"}],"about":[{"href":"https:\/\/www.etemkeskin.com\/index.php\/wp-json\/wp\/v2\/types\/page"}],"author":[{"embeddable":true,"href":"https:\/\/www.etemkeskin.com\/index.php\/wp-json\/wp\/v2\/users\/1"}],"replies":[{"embeddable":true,"href":"https:\/\/www.etemkeskin.com\/index.php\/wp-json\/wp\/v2\/comments?post=2820"}],"version-history":[{"count":1,"href":"https:\/\/www.etemkeskin.com\/index.php\/wp-json\/wp\/v2\/pages\/2820\/revisions"}],"predecessor-version":[{"id":2821,"href":"https:\/\/www.etemkeskin.com\/index.php\/wp-json\/wp\/v2\/pages\/2820\/revisions\/2821"}],"wp:attachment":[{"href":"https:\/\/www.etemkeskin.com\/index.php\/wp-json\/wp\/v2\/media?parent=2820"}],"curies":[{"name":"wp","href":"https:\/\/api.w.org\/{rel}","templated":true}]}}